{"id":65,"date":"2018-09-18T07:25:50","date_gmt":"2018-09-18T12:25:50","guid":{"rendered":"http:\/\/ascomercial.com.co\/?page_id=65"},"modified":"2020-11-18T15:00:49","modified_gmt":"2020-11-18T20:00:49","slug":"quienes-somos","status":"publish","type":"page","link":"https:\/\/ascomercial.com.co\/index.php\/quienes-somos\/","title":{"rendered":"Quienes Somos"},"content":{"rendered":"\t\t<div id=\"pootle-page-builder\">\n\t\t\t<!----------Pootle Page Builder Inline Styles---------->\n\t\t\t<style id=\"pootle-live-editor-styles\" type=\"text\/css\" media=\"all\">\n\t\t\t\t#pgc-65-1-0 { width:22.168% } #pgc-65-1-1 { width:68.773% } #pgc-65-1-2 { width:7.059% } #pgc-65-2-0 { width:8.117% } #pgc-65-2-1 { width:90.883% } #pgc-65-3-0 { width:22.99% } #pgc-65-3-1 { width:76.01% } .panel-grid-cell .panel { margin-bottom: 0px } @media ( max-width:780px ) { #pootle-page-builder .panel-grid-cell-container .panel-grid-cell { width:100%;flex: 1 0; } #pootle-page-builder .panel-grid-cell-container { flex-direction: column; } .panel-grid-cell:not(:last-child) { margin-bottom: 0px } .ppb-no-mobile-spacing { padding: 0 !important; margin: 0 !important; } .hide-on-mobile { display: none } br.rwd { display: block } .ppb-mobile-behaviour-2.ppb-block { margin-left:auto!important;margin-right:auto!important;margin-top:auto!important;margin-bottom:auto!important } .panel-grid { margin-left: 0 !important; margin-right: 0 !important; } .panel-grid-cell { padding: 0 !important; max-width: 100% !important; }  } \t\t\t<\/style>\n\t\t\t<div class=\"panel-grid ppb-row\" id=\"pg-65-0\" style=\"margin-bottom: 0;\" ><div class=\"ppb-row panel-row-style panel-row-style- \" style=\"background-image: url( http:\/\/ascomercial.com.co\/wp-content\/uploads\/2018\/09\/vladstudio_motion3_1920x1440_signed.jpg ); background-size: cover; background-repeat: no-repeat; \" ><style>#pg-65-0 .panel-grid-cell { padding: 0 0.5% 0; }<\/style><div class='panel-grid-cell-container'><div class=\"ppb-col panel-grid-cell \" id=\"pgc-65-0-0\" ><div id=\"panel-65-0-0-0\" class=\"ppb-block ppb-no-mobile-spacing\" style=\"margin-top: 1px;margin-left: 7px;\" ><p>\n<br data-mce-bogus=\"1\">\n<\/p><p>\n<br data-mce-bogus=\"1\">\n<\/p><\/div><\/div><\/div><!--.panel-grid-cell-container--><\/div><!--.panel-row-style--><\/div><!--.panel-grid--><div class=\"panel-grid ppb-row\" id=\"pg-65-1\" style=\"margin-bottom: 0;\" ><div class=\"ppb-row panel-row-style panel-row-style- \" style=\"\" ><style>#pg-65-1 .panel-grid-cell { padding: 0 0.5% 0; }<\/style><div class='panel-grid-cell-container'><div class=\"ppb-col panel-grid-cell \" id=\"pgc-65-1-0\" ><\/div><div class=\"ppb-col panel-grid-cell \" id=\"pgc-65-1-1\" ><\/div><div class=\"ppb-col panel-grid-cell \" id=\"pgc-65-1-2\" ><\/div><\/div><!--.panel-grid-cell-container--><\/div><!--.panel-row-style--><\/div><!--.panel-grid--><div class=\"panel-grid ppb-row\" id=\"pg-65-2\" style=\"margin-bottom: 0;\" ><div class=\"ppb-row panel-row-style panel-row-style- \" style=\"\" ><style>#pg-65-2 .panel-grid-cell { padding: 0 0.5% 0; }<\/style><div class='panel-grid-cell-container'><div class=\"ppb-col panel-grid-cell \" id=\"pgc-65-2-0\" ><div id=\"panel-65-2-0-0\" class=\"ppb-block ppb-no-mobile-spacing\" style=\"\" ><\/div><\/div><div class=\"ppb-col panel-grid-cell \" id=\"pgc-65-2-1\" ><div id=\"panel-65-2-1-0\" class=\"ppb-block ppb-no-mobile-spacing\" style=\"\" ><h2>&nbsp;<\/h2><h2 class=\"font_8\" style=\"text-align: center;\" data-mce-style=\"text-align: center;\"><span class=\"color_15\" style=\"color: #003300;\" data-mce-style=\"color: #003300;\">Somos una empresa Colombiana dedicada a la recuperaci\u00f3n de cartera morosa desde Agosto del 2003, brindando un buen trato y oportunidad de pago a los titulares, ejecutando el cobro pre jur\u00eddico y jur\u00eddico, agotando siempre el recurso de la conciliaci\u00f3n, obteniendo as\u00ed una excelente gesti\u00f3n y resultados positivos para nuestros acreedores.<\/span><\/h2><h6>&nbsp;<\/h6><h6 class=\"font_6\"><strong><span class=\"color_15\" style=\"color: #003300;\" data-mce-style=\"color: #003300;\">Visi\u00f3n:&nbsp;&nbsp;<\/span><\/strong>Ser una empresa l\u00edder de cobranzas en el mercado que ofrezca soluciones eficientes en el recaudo y recuperaci\u00f3n de cartera morosa.<\/h6><h6 class=\"font_6\"><strong><span class=\"color_15\" style=\"color: #003300;\" data-mce-style=\"color: #003300;\">Misi\u00f3n:&nbsp;&nbsp;<\/span><\/strong><span class=\"color_15\">Promover el \u00e9xito de nuestros clientes con soluciones de recaudo de cartera adecuada a sus necesidades, facilitando el desarrollo y formaci\u00f3n de nuestros colaboradores con el fin de garantizar un servicio de calidad que respete la normatividad Colombiana y garantice la protecci\u00f3n de los derechos de nuestros Titulares y Acreedores.<\/span><\/h6><\/div><\/div><\/div><!--.panel-grid-cell-container--><\/div><!--.panel-row-style--><\/div><!--.panel-grid--><div class=\"panel-grid ppb-row\" id=\"pg-65-3\" style=\"margin-bottom: 0;\" ><div class=\"ppb-row panel-row-style panel-row-style- \" style=\"\" ><style>#pg-65-3 .panel-grid-cell { padding: 0 0.5% 0; }<\/style><div class='panel-grid-cell-container'><div class=\"ppb-col panel-grid-cell \" id=\"pgc-65-3-0\" ><div id=\"panel-65-3-0-0\" class=\"ppb-block ppb-no-mobile-spacing\" style=\"\" ><\/div><\/div><div class=\"ppb-col panel-grid-cell \" id=\"pgc-65-3-1\" ><div id=\"panel-65-3-1-0\" class=\"ppb-block ppb-no-mobile-spacing\" style=\"\" ><h6 class=\"font_6\"><strong><span class=\"color_15\" style=\"color: #003300;\">Nuestros Valores corporativos.<\/span><\/strong><\/h6><h6 class=\"font_6\"><strong><span class=\"color_15\" style=\"color: #003300;\">Queremos ser aceptados y reconocidos por nuestros clientes fomentado una cultura organizacional que se caracterice por los siguientes valores<\/span><\/strong><\/h6><p>\n\u00a0\n<\/p><h6 class=\"font_6\"><strong><span class=\"color_15\" style=\"color: #003300;\">Honestidad:<\/span><\/strong>\u00a0Buscamos que en el desarrollo de nuestras actividades todo el personal vinculado a nuestra empresa act\u00fae razonablemente dentro de un ambiente de confianza y credibilidad que garantice el cumplimiento de los objetivos propuestos por Ascomercial.<\/h6><h6 class=\"font_6\"><strong><span class=\"color_15\" style=\"color: #003300;\">Transparencia:<\/span><\/strong>\u00a0Esperamos de nuestro equipo de trabajo y acreedores construir una relaci\u00f3n desde el cumplimiento de los compromisos y obligaciones, basados en el principio de transparencia que se da en los diferentes ciclos de la relaci\u00f3n contractual.<\/h6><h6 class=\"font_6\"><strong><span class=\"color_15\" style=\"color: #003300;\">Cumplimiento:<\/span><\/strong>\u00a0Como eje central de nuestras relaciones comerciales y laborales Ascomercial define el cumplimiento como un valor corporativo desde una connotaci\u00f3n positiva que marcar\u00e1 el camino del \u00e9xito en el desempe\u00f1o de sus obligaciones.<\/h6><\/div><\/div><\/div><!--.panel-grid-cell-container--><\/div><!--.panel-row-style--><\/div><!--.panel-grid-->\t\t<\/div>\n\t\t","protected":false},"excerpt":{"rendered":"<p>&nbsp;Somos una empresa Colombiana dedicada a la recuperaci\u00f3n de cartera morosa desde Agosto del 2003, brindando un buen trato y oportunidad de pago a los titulares, ejecutando el cobro pre jur\u00eddico y jur\u00eddico, agotando siempre el recurso de la conciliaci\u00f3n, obteniendo as\u00ed una excelente gesti\u00f3n y resultados positivos para nuestros acreedores.&nbsp;Visi\u00f3n:&nbsp;&nbsp;Ser una empresa l\u00edder de &#8230; <a title=\"Quienes Somos\" class=\"read-more\" href=\"https:\/\/ascomercial.com.co\/index.php\/quienes-somos\/\">Read more<span class=\"screen-reader-text\">Quienes Somos<\/span><\/a><\/p>\n","protected":false},"author":1,"featured_media":0,"parent":0,"menu_order":0,"comment_status":"closed","ping_status":"closed","template":"","meta":{"footnotes":""},"_links":{"self":[{"href":"https:\/\/ascomercial.com.co\/index.php\/wp-json\/wp\/v2\/pages\/65"}],"collection":[{"href":"https:\/\/ascomercial.com.co\/index.php\/wp-json\/wp\/v2\/pages"}],"about":[{"href":"https:\/\/ascomercial.com.co\/index.php\/wp-json\/wp\/v2\/types\/page"}],"author":[{"embeddable":true,"href":"https:\/\/ascomercial.com.co\/index.php\/wp-json\/wp\/v2\/users\/1"}],"replies":[{"embeddable":true,"href":"https:\/\/ascomercial.com.co\/index.php\/wp-json\/wp\/v2\/comments?post=65"}],"version-history":[{"count":23,"href":"https:\/\/ascomercial.com.co\/index.php\/wp-json\/wp\/v2\/pages\/65\/revisions"}],"predecessor-version":[{"id":303,"href":"https:\/\/ascomercial.com.co\/index.php\/wp-json\/wp\/v2\/pages\/65\/revisions\/303"}],"wp:attachment":[{"href":"https:\/\/ascomercial.com.co\/index.php\/wp-json\/wp\/v2\/media?parent=65"}],"curies":[{"name":"wp","href":"https:\/\/api.w.org\/{rel}","templated":true}]}}