{"id":78,"date":"2018-09-18T08:34:50","date_gmt":"2018-09-18T13:34:50","guid":{"rendered":"http:\/\/ascomercial.com.co\/?page_id=78"},"modified":"2018-09-19T00:19:03","modified_gmt":"2018-09-19T05:19:03","slug":"areas-de-competencia","status":"publish","type":"page","link":"https:\/\/ascomercial.com.co\/index.php\/areas-de-competencia\/","title":{"rendered":"\u00c1reas de Competencia"},"content":{"rendered":"\t\t<div id=\"pootle-page-builder\">\n\t\t\t<!----------Pootle Page Builder Inline Styles---------->\n\t\t\t<style id=\"pootle-live-editor-styles\" type=\"text\/css\" media=\"all\">\n\t\t\t\t#pgc-78-2-0 , #pgc-78-2-1 , #pgc-78-2-2 , #pgc-78-3-0 , #pgc-78-3-1 , #pgc-78-3-2 { width:32.667% } .panel-grid-cell .panel { margin-bottom: 0px } @media ( max-width:780px ) { #pootle-page-builder .panel-grid-cell-container .panel-grid-cell { width:100%;flex: 1 0; } #pootle-page-builder .panel-grid-cell-container { flex-direction: column; } .panel-grid-cell:not(:last-child) { margin-bottom: 0px } .ppb-no-mobile-spacing { padding: 0 !important; margin: 0 !important; } .hide-on-mobile { display: none } br.rwd { display: block } .ppb-mobile-behaviour-2.ppb-block { margin-left:auto!important;margin-right:auto!important;margin-top:auto!important;margin-bottom:auto!important } .panel-grid { margin-left: 0 !important; margin-right: 0 !important; } .panel-grid-cell { padding: 0 !important; max-width: 100% !important; }  } \t\t\t<\/style>\n\t\t\t<div class=\"panel-grid ppb-row\" id=\"pg-78-0\" style=\"margin-bottom: 0;\" ><div class=\"ppb-row panel-row-style panel-row-style- \" style=\"\" ><style>#pg-78-0 .panel-grid-cell { padding: 0 0.5% 0; }<\/style><div class='panel-grid-cell-container'><div class=\"ppb-col panel-grid-cell \" id=\"pgc-78-0-0\" ><\/div><\/div><!--.panel-grid-cell-container--><\/div><!--.panel-row-style--><\/div><!--.panel-grid--><div class=\"panel-grid ppb-row\" id=\"pg-78-1\" style=\"margin-bottom: 0;\" ><div class=\"ppb-row panel-row-style panel-row-style- \" style=\"background-image: url( http:\/\/ascomercial.com.co\/wp-content\/uploads\/2018\/09\/vladstudio_motion3_1920x1440_signed.jpg ); background-size: cover; background-repeat: no-repeat; \" ><style>#pg-78-1 .panel-grid-cell { padding: 0 0.5% 0; }<\/style><div class='panel-grid-cell-container'><div class=\"ppb-col panel-grid-cell \" id=\"pgc-78-1-0\" ><div id=\"panel-78-1-0-0\" class=\"ppb-block ppb-no-mobile-spacing\" style=\"margin-top: 1px;margin-left: 1px;\" ><h2><br><\/h2><p>\n<br data-mce-bogus=\"1\">\n<\/p><\/div><\/div><\/div><!--.panel-grid-cell-container--><\/div><!--.panel-row-style--><\/div><!--.panel-grid--><div class=\"panel-grid ppb-row\" id=\"pg-78-2\" style=\"margin-bottom: 0;\" ><div class=\"ppb-row panel-row-style panel-row-style- \" style=\"\" ><style>#pg-78-2 .panel-grid-cell { padding: 0 0.5% 0; }<\/style><div class='panel-grid-cell-container'><div class=\"ppb-col panel-grid-cell \" id=\"pgc-78-2-0\" ><div id=\"panel-78-2-0-0\" class=\"ppb-block ppb-no-mobile-spacing\" style=\"\" ><p>\n<br data-mce-bogus=\"1\">\n<\/p><figure id=\"attachment_82\" class=\"\"><img loading=\"lazy\" decoding=\"async\" class=\"size-medium wp-image-82 aligncenter\" src=\"http:\/\/ascomercial.com.co\/wp-content\/uploads\/2018\/09\/cobra-2.png\" alt=\"\" data-mce-src=\"http:\/\/ascomercial.com.co\/wp-content\/uploads\/2018\/09\/cobra-2.png\" width=\"382\" height=\"303\" data-mce-selected=\"1\" srcset=\"https:\/\/ascomercial.com.co\/wp-content\/uploads\/2018\/09\/cobra-2.png 537w, https:\/\/ascomercial.com.co\/wp-content\/uploads\/2018\/09\/cobra-2-300x238.png 300w\" sizes=\"(max-width: 382px) 100vw, 382px\" \/><\/figure><div id=\"mceResizeHandlenw\" data-mce-bogus=\"all\" class=\"mce-resizehandle\" unselectable=\"true\" data-mce-style=\"cursor: nw-resize; margin: 0px; padding: 0px; left: 99.5px; top: 43.5px;\" style=\"cursor: nw-resize; margin: 0px; padding: 0px; left: 99.5px; top: 43.5px;\"><\/div><div id=\"mceResizeHandlene\" data-mce-bogus=\"all\" class=\"mce-resizehandle\" unselectable=\"true\" data-mce-style=\"cursor: ne-resize; margin: 0px; padding: 0px; left: 481.5px; top: 43.5px;\" style=\"cursor: ne-resize; margin: 0px; padding: 0px; left: 481.5px; top: 43.5px;\"><\/div><div id=\"mceResizeHandlese\" data-mce-bogus=\"all\" class=\"mce-resizehandle\" unselectable=\"true\" data-mce-style=\"cursor: se-resize; margin: 0px; padding: 0px; left: 481.5px; top: 346.531px;\" style=\"cursor: se-resize; margin: 0px; padding: 0px; left: 481.5px; top: 346.531px;\"><\/div><div id=\"mceResizeHandlesw\" data-mce-bogus=\"all\" class=\"mce-resizehandle\" unselectable=\"true\" data-mce-style=\"cursor: sw-resize; margin: 0px; padding: 0px; left: 99.5px; top: 346.531px;\" style=\"cursor: sw-resize; margin: 0px; padding: 0px; left: 99.5px; top: 346.531px;\"><\/div><\/div><\/div><div class=\"ppb-col panel-grid-cell \" id=\"pgc-78-2-1\" ><div id=\"panel-78-2-1-0\" class=\"ppb-block ppb-no-mobile-spacing\" style=\"\" ><h6><br data-mce-bogus=\"1\"><\/h6><h6 class=\"font_6\"><strong><span class=\"color_15\" style=\"color: rgb(0, 51, 0);\" data-mce-style=\"color: #003300;\">Cobranzas<\/span><\/strong><\/h6><p class=\"font_8\"><span class=\"color_15\">Pensando en su prestigiosa Empresa, Almac\u00e9n y\/o entidad Bancaria y la importancia de colaborar en el buen funcionamiento de &nbsp;la &nbsp;misma &nbsp;en&nbsp; lo&nbsp; referente &nbsp;a &nbsp;la &nbsp;recuperaci\u00f3n &nbsp;de &nbsp;la &nbsp;cartera &nbsp;morosa, colocamos a su disposici\u00f3n nuestros servicios basados en profesionalismo, experiencia, honestidad, transparencia y cumplimiento.<\/span>\n<\/p><p class=\"font_8\"><span class=\"color_15\"><span class=\"wixGuard\">\u200b<\/span><\/span>\n<\/p><\/div><\/div><div class=\"ppb-col panel-grid-cell \" id=\"pgc-78-2-2\" ><div id=\"panel-78-2-2-0\" class=\"ppb-block ppb-no-mobile-spacing\" style=\"\" ><h6><br data-mce-bogus=\"1\"><\/h6><h6 class=\"font_6\"><strong><span class=\"color_15\" style=\"color: rgb(51, 51, 0);\" data-mce-style=\"color: #333300;\">Asesor\u00edas Jur\u00eddicas y Prejur\u00eddicas<\/span><\/strong><\/h6><p class=\"font_8\"><span class=\"color_15\">Contamos con un amplio grupo de personal calificado, ofreciendo servicios, orientaci\u00f3n y asesor\u00eda necesaria en referencia a la cobranza y procesos jur\u00eddicos comerciales y ejecutivos.<\/span>\n<\/p><p class=\"font_8\"><span class=\"color_15\"><span class=\"wixGuard\">\u200b<\/span><\/span><span class=\"color_15\">teniendo en cuenta un trato amable y preferencial con nuestros clientes ya que son nuestra raz\u00f3n de ser.<\/span>\n<\/p><\/div><\/div><\/div><!--.panel-grid-cell-container--><\/div><!--.panel-row-style--><\/div><!--.panel-grid--><div class=\"panel-grid ppb-row\" id=\"pg-78-3\" style=\"margin-bottom: 0;\" ><div class=\"ppb-row panel-row-style panel-row-style- \" style=\"\" ><style>#pg-78-3 .panel-grid-cell { padding: 0 0.5% 0; }<\/style><div class='panel-grid-cell-container'><div class=\"ppb-col panel-grid-cell \" id=\"pgc-78-3-0\" ><div id=\"panel-78-3-0-0\" class=\"ppb-block ppb-no-mobile-spacing\" style=\"margin-top: 2px;margin-left: 6px;\" ><h6><br data-mce-bogus=\"1\"><\/h6><h6 class=\"font_6\"><strong><span class=\"color_15\" style=\"color: rgb(0, 51, 0);\" data-mce-style=\"color: #003300;\">Conciliaciones en Cobranzas<\/span><\/strong><\/h6><p class=\"font_8\"><span class=\"color_15\">Nuestro portafolio en cobranzas inicia en primera instancia, en una concertaci\u00f3n con nuestros clientes, atendiendo sus requerimientos y mirando sus propias necesidades y capacidades.<\/span>\n<\/p><p class=\"font_8\"><span class=\"color_15\"><span class=\"wixGuard\">\u200b<\/span><\/span><span class=\"color_15\">llegando as\u00ed a un acuerdo formal entre las partes, que permitan el cubrimiento total de la obligaci\u00f3n; que pueda tener con las entidades a las cuales representamos.<\/span>\n<\/p><\/div><\/div><div class=\"ppb-col panel-grid-cell \" id=\"pgc-78-3-1\" ><div id=\"panel-78-3-1-0\" class=\"ppb-block ppb-no-mobile-spacing\" style=\"\" ><h6><br><\/h6><h6 class=\"font_6\"><strong><span class=\"color_15\" style=\"color: rgb(0, 51, 0);\" data-mce-style=\"color: #003300;\">Representaciones Jur\u00eddicas&nbsp;<\/span><\/strong><\/h6><p class=\"font_8\"><span class=\"color_15\">Representamos a nuestros clientes en procesos judiciales, extrajudiciales y ejecutivos.<\/span>\n<\/p><p class=\"font_8\"><span class=\"color_15\">Elaboramos y respondemos derechos de petici\u00f3n, de acuerdo al art\u00edculo 23 CP y art\u00edculo 13 de la ley 1437 de 2011.<\/span>\n<\/p><p class=\"font_8\"><span class=\"color_15\"><span class=\"wixGuard\">\u200b<\/span><\/span><span class=\"color_15\">Elaboramos y respondemos tutelas, de acuerdo al art\u00edculo 86 de la CP.&nbsp;<\/span><span class=\"color_15\">todo lo anterior dentro de los plazos y par\u00e1metros legales establecidos en la legislaci\u00f3n Colombiana.<\/span>\n<\/p><\/div><\/div><div class=\"ppb-col panel-grid-cell \" id=\"pgc-78-3-2\" ><div id=\"panel-78-3-2-0\" class=\"ppb-block ppb-no-mobile-spacing\" style=\"\" ><figure id=\"attachment_83\" class=\"\"><img loading=\"lazy\" decoding=\"async\" class=\"size-medium wp-image-83 aligncenter\" src=\"http:\/\/ascomercial.com.co\/wp-content\/uploads\/2018\/09\/Conci-abog.jpg\" alt=\"\" data-mce-src=\"http:\/\/ascomercial.com.co\/wp-content\/uploads\/2018\/09\/Conci-abog.jpg\" width=\"316\" height=\"316\" srcset=\"https:\/\/ascomercial.com.co\/wp-content\/uploads\/2018\/09\/Conci-abog.jpg 400w, https:\/\/ascomercial.com.co\/wp-content\/uploads\/2018\/09\/Conci-abog-150x150.jpg 150w, https:\/\/ascomercial.com.co\/wp-content\/uploads\/2018\/09\/Conci-abog-300x300.jpg 300w\" sizes=\"(max-width: 316px) 100vw, 316px\" \/><\/figure><\/div><\/div><\/div><!--.panel-grid-cell-container--><\/div><!--.panel-row-style--><\/div><!--.panel-grid-->\t\t<\/div>\n\t\t","protected":false},"excerpt":{"rendered":"<p>CobranzasPensando en su prestigiosa Empresa, Almac\u00e9n y\/o entidad Bancaria y la importancia de colaborar en el buen funcionamiento de &nbsp;la &nbsp;misma &nbsp;en&nbsp; lo&nbsp; referente &nbsp;a &nbsp;la &nbsp;recuperaci\u00f3n &nbsp;de &nbsp;la &nbsp;cartera &nbsp;morosa, colocamos a su disposici\u00f3n nuestros servicios basados en profesionalismo, experiencia, honestidad, transparencia y cumplimiento. \u200b Asesor\u00edas Jur\u00eddicas y Prejur\u00eddicasContamos con un amplio grupo de &#8230; <a title=\"\u00c1reas de Competencia\" class=\"read-more\" href=\"https:\/\/ascomercial.com.co\/index.php\/areas-de-competencia\/\">Read more<span class=\"screen-reader-text\">\u00c1reas de Competencia<\/span><\/a><\/p>\n","protected":false},"author":1,"featured_media":0,"parent":0,"menu_order":0,"comment_status":"closed","ping_status":"closed","template":"","meta":{"footnotes":""},"_links":{"self":[{"href":"https:\/\/ascomercial.com.co\/index.php\/wp-json\/wp\/v2\/pages\/78"}],"collection":[{"href":"https:\/\/ascomercial.com.co\/index.php\/wp-json\/wp\/v2\/pages"}],"about":[{"href":"https:\/\/ascomercial.com.co\/index.php\/wp-json\/wp\/v2\/types\/page"}],"author":[{"embeddable":true,"href":"https:\/\/ascomercial.com.co\/index.php\/wp-json\/wp\/v2\/users\/1"}],"replies":[{"embeddable":true,"href":"https:\/\/ascomercial.com.co\/index.php\/wp-json\/wp\/v2\/comments?post=78"}],"version-history":[{"count":4,"href":"https:\/\/ascomercial.com.co\/index.php\/wp-json\/wp\/v2\/pages\/78\/revisions"}],"predecessor-version":[{"id":121,"href":"https:\/\/ascomercial.com.co\/index.php\/wp-json\/wp\/v2\/pages\/78\/revisions\/121"}],"wp:attachment":[{"href":"https:\/\/ascomercial.com.co\/index.php\/wp-json\/wp\/v2\/media?parent=78"}],"curies":[{"name":"wp","href":"https:\/\/api.w.org\/{rel}","templated":true}]}}